{"id":175,"date":"2024-08-15T15:24:23","date_gmt":"2024-08-15T15:24:23","guid":{"rendered":"https:\/\/www.lehdonaho.fi\/?page_id=175"},"modified":"2025-03-23T14:14:17","modified_gmt":"2025-03-23T14:14:17","slug":"suunnitelu-insinooripalvelut","status":"publish","type":"page","link":"https:\/\/www.lehdonaho.fi\/index.php\/suunnitelu-insinooripalvelut\/","title":{"rendered":"Suunnittelu\/Insin\u00f6\u00f6ripalvelut"},"content":{"rendered":"\n<p>Tarjoamme laaja-alaisesti suunnittelu- ja insin\u00f6\u00f6ripalveluita. Insin\u00f6\u00f6rity\u00f6st\u00e4 vastaa rakennusinsin\u00f6\u00f6ri (YAMK) Arttu Matilainen. H\u00e4net saa kiinni numerosta 0405729194.<\/p>\n\n\n\n<p>K\u00e4yt\u00f6ss\u00e4mme on Revit-ohjelmisto, jolla voimme tehd\u00e4 mallipohjasta 3D-suunnittelua. <\/p>\n\n\n\n<p>Palveluihin kuuluvat mm.<\/p>\n\n\n\n<p>-Rakennuspiirrustukset<\/p>\n\n\n\n<p>-Rakennesuunnittelu<\/p>\n\n\n\n<p>-Muut insin\u00f6\u00f6ripalvelut, esim. maank\u00e4yt\u00f6n suunnitelu (kaavat)<\/p>\n\n\n\n<p>-J\u00e4tevesisuunnitelmat ja toteutukset<\/p>\n\n\n\n<p>-Perustamistapalausunnot<\/p>\n\n\n\n<p>-Ty\u00f6maavalvonta, vastaavan ty\u00f6johtajan teht\u00e4v\u00e4t<\/p>\n\n\n\n<div class=\"alignnormal\"><div id=\"metaslider-id-182\" style=\"width: 100%; margin: 0 auto;\" class=\"ml-slider-3-108-0 metaslider metaslider-flex metaslider-182 ml-slider ms-theme-default nav-hidden\" role=\"region\" aria-label=\"New Slideshow\" data-height=\"1200\" data-width=\"1920\">\n    <div id=\"metaslider_container_182\">\n        <div id=\"metaslider_182\">\n            <ul class='slides'>\n                <li style=\"display: block; width: 100%;\" class=\"slide-183 ms-image \" aria-roledescription=\"slide\" data-date=\"2024-08-15 15:35:09\" data-filename=\"puuhella.png\" data-slide-type=\"image\"><img loading=\"lazy\" decoding=\"async\" src=\"https:\/\/www.lehdonaho.fi\/wp-content\/uploads\/2024\/08\/puuhella.png\" height=\"1200\" width=\"1920\" alt=\"\" class=\"slider-182 slide-183 msDefaultImage\" title=\"puuhella\" \/><\/li>\n                <li style=\"display: none; width: 100%;\" class=\"slide-184 ms-image \" aria-roledescription=\"slide\" data-date=\"2024-08-15 15:35:09\" data-filename=\"yhdistetty.jpeg\" data-slide-type=\"image\"><img loading=\"lazy\" decoding=\"async\" src=\"https:\/\/www.lehdonaho.fi\/wp-content\/uploads\/2024\/08\/yhdistetty.jpeg\" height=\"1200\" width=\"1920\" alt=\"\" class=\"slider-182 slide-184 msDefaultImage\" title=\"yhdistetty\" \/><\/li>\n                <li style=\"display: none; width: 100%;\" class=\"slide-192 ms-image \" aria-roledescription=\"slide\" data-date=\"2024-08-15 15:45:39\" data-filename=\"julkisivu-612x382.png\" data-slide-type=\"image\"><img loading=\"lazy\" decoding=\"async\" src=\"https:\/\/www.lehdonaho.fi\/wp-content\/uploads\/2024\/08\/julkisivu-612x382.png\" height=\"1200\" width=\"1920\" alt=\"\" class=\"slider-182 slide-192 msDefaultImage\" title=\"julkisivu\" \/><\/li>\n                <li style=\"display: none; width: 100%;\" class=\"slide-194 ms-image \" aria-roledescription=\"slide\" data-date=\"2024-08-15 15:47:59\" data-filename=\"julkisivu2-888x555.png\" data-slide-type=\"image\"><img loading=\"lazy\" decoding=\"async\" src=\"https:\/\/www.lehdonaho.fi\/wp-content\/uploads\/2024\/08\/julkisivu2-888x555.png\" height=\"1200\" width=\"1920\" alt=\"\" class=\"slider-182 slide-194 msDefaultImage\" title=\"julkisivu2\" \/><\/li>\n            <\/ul>\n        <\/div>\n        \n    <\/div>\n<\/div><\/div>\n\n\n\n<div class=\"alignnormal\"><div id=\"metaslider-id-78\" style=\"width: 100%;\" class=\"ml-slider-3-108-0 metaslider metaslider-flex metaslider-78 ml-slider ms-theme-default nav-hidden nav-hidden\" role=\"region\" aria-label=\"New Slideshow\" data-height=\"1200\" data-width=\"1920\">\n    <div id=\"metaslider_container_78\">\n        <div id=\"metaslider_78\">\n            <ul class='slides'>\n                <li style=\"display: block; width: 100%;\" class=\"slide-79 ms-image \" aria-roledescription=\"slide\" data-date=\"2024-08-08 16:01:42\" data-filename=\"lampola.png\" data-slide-type=\"image\"><img loading=\"lazy\" decoding=\"async\" src=\"https:\/\/www.lehdonaho.fi\/wp-content\/uploads\/2024\/08\/lampola.png\" height=\"1200\" width=\"1920\" alt=\"\" class=\"slider-78 slide-79 msDefaultImage\" title=\"Lampolan piirrustus\" \/><div class=\"caption-wrap\"><div class=\"caption\"><div><strong>Lampola: suunnitelmasta todeksi!<\/strong><\/div><\/div><\/div><\/li>\n                <li style=\"display: none; width: 100%;\" class=\"slide-80 ms-image \" aria-roledescription=\"slide\" data-date=\"2024-08-08 16:01:42\" data-filename=\"683560a5-155a-4376-9d32-c9227f33ebb5-1-1920x1200.jpg\" data-slide-type=\"image\"><img loading=\"lazy\" decoding=\"async\" src=\"https:\/\/www.lehdonaho.fi\/wp-content\/uploads\/2024\/08\/683560a5-155a-4376-9d32-c9227f33ebb5-1-1920x1200.jpg\" height=\"1200\" width=\"1920\" alt=\"\" class=\"slider-78 slide-80 msDefaultImage\" title=\"lampolan pohja\" \/><\/li>\n                <li style=\"display: none; width: 100%;\" class=\"slide-81 ms-image \" aria-roledescription=\"slide\" data-date=\"2024-08-08 16:01:42\" data-filename=\"3030c592-97df-4f77-a1bb-3b9a4795d772-1-1920x1200.jpg\" data-slide-type=\"image\"><img loading=\"lazy\" decoding=\"async\" src=\"https:\/\/www.lehdonaho.fi\/wp-content\/uploads\/2024\/08\/3030c592-97df-4f77-a1bb-3b9a4795d772-1-1920x1200.jpg\" height=\"1200\" width=\"1920\" alt=\"\" class=\"slider-78 slide-81 msDefaultImage\" title=\"lampolan harja\" \/><\/li>\n                <li style=\"display: none; width: 100%;\" class=\"slide-82 ms-image \" aria-roledescription=\"slide\" data-date=\"2024-08-08 16:01:42\" data-filename=\"9d77a94a-47a3-4050-9e90-7c7510fd02f7-1-1920x1200.jpg\" data-slide-type=\"image\"><img loading=\"lazy\" decoding=\"async\" src=\"https:\/\/www.lehdonaho.fi\/wp-content\/uploads\/2024\/08\/9d77a94a-47a3-4050-9e90-7c7510fd02f7-1-1920x1200.jpg\" height=\"1200\" width=\"1920\" alt=\"\" class=\"slider-78 slide-82 msDefaultImage\" title=\"lampola\" \/><\/li>\n            <\/ul>\n        <\/div>\n        \n    <\/div>\n<\/div><\/div>\n","protected":false},"excerpt":{"rendered":"<p>Tarjoamme laaja-alaisesti suunnittelu- ja insin\u00f6\u00f6ripalveluita. Insin\u00f6\u00f6rity\u00f6st\u00e4 vastaa rakennusinsin\u00f6\u00f6ri (YAMK) Arttu Matilainen. H\u00e4net saa kiinni numerosta [&hellip;]<\/p>\n","protected":false},"author":2,"featured_media":85,"parent":0,"menu_order":0,"comment_status":"closed","ping_status":"closed","template":"","meta":{"footnotes":""},"class_list":["post-175","page","type-page","status-publish","has-post-thumbnail","hentry"],"_links":{"self":[{"href":"https:\/\/www.lehdonaho.fi\/index.php\/wp-json\/wp\/v2\/pages\/175"}],"collection":[{"href":"https:\/\/www.lehdonaho.fi\/index.php\/wp-json\/wp\/v2\/pages"}],"about":[{"href":"https:\/\/www.lehdonaho.fi\/index.php\/wp-json\/wp\/v2\/types\/page"}],"author":[{"embeddable":true,"href":"https:\/\/www.lehdonaho.fi\/index.php\/wp-json\/wp\/v2\/users\/2"}],"replies":[{"embeddable":true,"href":"https:\/\/www.lehdonaho.fi\/index.php\/wp-json\/wp\/v2\/comments?post=175"}],"version-history":[{"count":5,"href":"https:\/\/www.lehdonaho.fi\/index.php\/wp-json\/wp\/v2\/pages\/175\/revisions"}],"predecessor-version":[{"id":278,"href":"https:\/\/www.lehdonaho.fi\/index.php\/wp-json\/wp\/v2\/pages\/175\/revisions\/278"}],"wp:featuredmedia":[{"embeddable":true,"href":"https:\/\/www.lehdonaho.fi\/index.php\/wp-json\/wp\/v2\/media\/85"}],"wp:attachment":[{"href":"https:\/\/www.lehdonaho.fi\/index.php\/wp-json\/wp\/v2\/media?parent=175"}],"curies":[{"name":"wp","href":"https:\/\/api.w.org\/{rel}","templated":true}]}}