{"id":19,"date":"2024-08-05T16:41:31","date_gmt":"2024-08-05T16:41:31","guid":{"rendered":"https:\/\/www.lehdonaho.fi\/?page_id=19"},"modified":"2025-03-23T13:40:27","modified_gmt":"2025-03-23T13:40:27","slug":"ota-yhteytta","status":"publish","type":"page","link":"http:\/\/www.lehdonaho.fi\/index.php\/ota-yhteytta\/","title":{"rendered":"Ota yhteytt\u00e4"},"content":{"rendered":"\n<p>Ota yhteytt\u00e4!<\/p>\n\n\n\n<p>Elja Hyt\u00f6nen 050 9191199<\/p>\n\n\n\n<p>Rainer Halonen 040 0418982<\/p>\n\n\n\n<p>L\u00f6yd\u00e4t meid\u00e4t my\u00f6s <a href=\"https:\/\/www.instagram.com\/lehdonaho?igsh=MW8zM2cyMG45NXBjaw==\" data-type=\"link\" data-id=\"https:\/\/www.instagram.com\/lehdonaho?igsh=MW8zM2cyMG45NXBjaw==\">Instagram<\/a>ista ja <a href=\"https:\/\/www.facebook.com\/share\/1A3Npshyrd\/\" data-type=\"link\" data-id=\"https:\/\/www.facebook.com\/share\/1A3Npshyrd\/\">Facebook<\/a>ista!<\/p>\n\n\n\n<p>Laita viesti alta, niin otamme sinuun yhteytt\u00e4 mahdollisimman pian.<\/p>\n\n\n\n<div class=\"wpcf7 no-js\" id=\"wpcf7-f107-o1\" lang=\"fi\" dir=\"ltr\" data-wpcf7-id=\"107\">\n<div class=\"screen-reader-response\"><p role=\"status\" aria-live=\"polite\" aria-atomic=\"true\"><\/p> <ul><\/ul><\/div>\n<form action=\"\/index.php\/wp-json\/wp\/v2\/pages\/19#wpcf7-f107-o1\" method=\"post\" class=\"wpcf7-form init\" aria-label=\"Yhteydenottolomake\" novalidate=\"novalidate\" data-status=\"init\">\n<div style=\"display: none;\">\n<input type=\"hidden\" name=\"_wpcf7\" value=\"107\" \/>\n<input type=\"hidden\" name=\"_wpcf7_version\" value=\"6.0.6\" \/>\n<input type=\"hidden\" name=\"_wpcf7_locale\" value=\"fi\" \/>\n<input type=\"hidden\" name=\"_wpcf7_unit_tag\" value=\"wpcf7-f107-o1\" \/>\n<input type=\"hidden\" name=\"_wpcf7_container_post\" value=\"0\" \/>\n<input type=\"hidden\" name=\"_wpcf7_posted_data_hash\" value=\"\" \/>\n<\/div>\n<p><label> Nimesi<br \/>\n<span class=\"wpcf7-form-control-wrap\" data-name=\"your-name\"><input size=\"40\" maxlength=\"400\" class=\"wpcf7-form-control wpcf7-text wpcf7-validates-as-required\" autocomplete=\"name\" aria-required=\"true\" aria-invalid=\"false\" value=\"\" type=\"text\" name=\"your-name\" \/><\/span> <\/label>\n<\/p>\n<p><label> S\u00e4hk\u00f6postiosoitteesi<br \/>\n<span class=\"wpcf7-form-control-wrap\" data-name=\"your-email\"><input size=\"40\" maxlength=\"400\" class=\"wpcf7-form-control wpcf7-email wpcf7-validates-as-required wpcf7-text wpcf7-validates-as-email\" autocomplete=\"email\" aria-required=\"true\" aria-invalid=\"false\" value=\"\" type=\"email\" name=\"your-email\" \/><\/span> <\/label>\n<\/p>\n<p><label> Aihe<br \/>\n<span class=\"wpcf7-form-control-wrap\" data-name=\"your-subject\"><input size=\"40\" maxlength=\"400\" class=\"wpcf7-form-control wpcf7-text wpcf7-validates-as-required\" aria-required=\"true\" aria-invalid=\"false\" value=\"\" type=\"text\" name=\"your-subject\" \/><\/span> <\/label>\n<\/p>\n<p><label> Viestisi ja puhelinnumerosi<br \/>\n<span class=\"wpcf7-form-control-wrap\" data-name=\"your-message\"><textarea cols=\"40\" rows=\"10\" maxlength=\"2000\" class=\"wpcf7-form-control wpcf7-textarea\" aria-invalid=\"false\" name=\"your-message\"><\/textarea><\/span> <\/label>\n<\/p>\n<p><input class=\"wpcf7-form-control wpcf7-submit has-spinner\" type=\"submit\" value=\"L\u00e4het\u00e4\" \/>\n<\/p><div class=\"wpcf7-response-output\" aria-hidden=\"true\"><\/div>\n<\/form>\n<\/div>\n\n","protected":false},"excerpt":{"rendered":"<p>Ota yhteytt\u00e4! Elja Hyt\u00f6nen 050 9191199 Rainer Halonen 040 0418982 L\u00f6yd\u00e4t meid\u00e4t my\u00f6s Instagramista ja [&hellip;]<\/p>\n","protected":false},"author":1,"featured_media":34,"parent":0,"menu_order":0,"comment_status":"closed","ping_status":"closed","template":"","meta":{"footnotes":""},"class_list":["post-19","page","type-page","status-publish","has-post-thumbnail","hentry"],"_links":{"self":[{"href":"http:\/\/www.lehdonaho.fi\/index.php\/wp-json\/wp\/v2\/pages\/19"}],"collection":[{"href":"http:\/\/www.lehdonaho.fi\/index.php\/wp-json\/wp\/v2\/pages"}],"about":[{"href":"http:\/\/www.lehdonaho.fi\/index.php\/wp-json\/wp\/v2\/types\/page"}],"author":[{"embeddable":true,"href":"http:\/\/www.lehdonaho.fi\/index.php\/wp-json\/wp\/v2\/users\/1"}],"replies":[{"embeddable":true,"href":"http:\/\/www.lehdonaho.fi\/index.php\/wp-json\/wp\/v2\/comments?post=19"}],"version-history":[{"count":4,"href":"http:\/\/www.lehdonaho.fi\/index.php\/wp-json\/wp\/v2\/pages\/19\/revisions"}],"predecessor-version":[{"id":274,"href":"http:\/\/www.lehdonaho.fi\/index.php\/wp-json\/wp\/v2\/pages\/19\/revisions\/274"}],"wp:featuredmedia":[{"embeddable":true,"href":"http:\/\/www.lehdonaho.fi\/index.php\/wp-json\/wp\/v2\/media\/34"}],"wp:attachment":[{"href":"http:\/\/www.lehdonaho.fi\/index.php\/wp-json\/wp\/v2\/media?parent=19"}],"curies":[{"name":"wp","href":"https:\/\/api.w.org\/{rel}","templated":true}]}}